{"id":118,"date":"2018-09-25T10:47:17","date_gmt":"2018-09-25T10:47:17","guid":{"rendered":"https:\/\/stengefort.lgs.lu\/?page_id=118"},"modified":"2018-10-07T10:01:23","modified_gmt":"2018-10-07T10:01:23","slug":"under-construction","status":"publish","type":"page","link":"https:\/\/stengefort.lgs.lu\/?page_id=118","title":{"rendered":"Under Construction Lu"},"content":{"rendered":"<p>[et_pb_section fb_built=&#8221;1&#8243; _builder_version=&#8221;3.0.47&#8243;][et_pb_row _builder_version=&#8221;3.15&#8243;][et_pb_column type=&#8221;4_4&#8243; _builder_version=&#8221;3.15&#8243; parallax=&#8221;off&#8221; parallax_method=&#8221;on&#8221;][et_pb_blurb use_icon=&#8221;on&#8221; title=&#8221;404 Des S\u00e4it g\u00ebtt\u00a0et nach net :)&#8221; _builder_version=&#8221;3.15&#8243; font_icon=&#8221;%%173%%&#8221;]<\/p>\n<p>Eis Webs\u00e4it ass leider nach net komplett f\u00e4erdeg. Aus d\u00ebsem Grond si verschidde Beraicher nach net erreechbar.<\/p>\n<p>[\/et_pb_blurb][\/et_pb_column][\/et_pb_row][\/et_pb_section]<\/p>\n","protected":false},"excerpt":{"rendered":"<p>Eis Webs\u00e4it ass leider nach net komplett f\u00e4erdeg. Aus d\u00ebsem Grond si verschidde Beraicher nach net erreechbar.<\/p>\n","protected":false},"author":3,"featured_media":0,"parent":0,"menu_order":0,"comment_status":"closed","ping_status":"closed","template":"","meta":{"_et_pb_use_builder":"on","_et_pb_old_content":"","_et_gb_content_width":"","ngg_post_thumbnail":0,"footnotes":""},"class_list":["post-118","page","type-page","status-publish","hentry"],"_links":{"self":[{"href":"https:\/\/stengefort.lgs.lu\/index.php?rest_route=\/wp\/v2\/pages\/118","targetHints":{"allow":["GET"]}}],"collection":[{"href":"https:\/\/stengefort.lgs.lu\/index.php?rest_route=\/wp\/v2\/pages"}],"about":[{"href":"https:\/\/stengefort.lgs.lu\/index.php?rest_route=\/wp\/v2\/types\/page"}],"author":[{"embeddable":true,"href":"https:\/\/stengefort.lgs.lu\/index.php?rest_route=\/wp\/v2\/users\/3"}],"replies":[{"embeddable":true,"href":"https:\/\/stengefort.lgs.lu\/index.php?rest_route=%2Fwp%2Fv2%2Fcomments&post=118"}],"version-history":[{"count":4,"href":"https:\/\/stengefort.lgs.lu\/index.php?rest_route=\/wp\/v2\/pages\/118\/revisions"}],"predecessor-version":[{"id":497,"href":"https:\/\/stengefort.lgs.lu\/index.php?rest_route=\/wp\/v2\/pages\/118\/revisions\/497"}],"wp:attachment":[{"href":"https:\/\/stengefort.lgs.lu\/index.php?rest_route=%2Fwp%2Fv2%2Fmedia&parent=118"}],"curies":[{"name":"wp","href":"https:\/\/api.w.org\/{rel}","templated":true}]}}