{"id":264,"date":"2018-09-26T13:34:23","date_gmt":"2018-09-26T13:34:23","guid":{"rendered":"https:\/\/stengefort.lgs.lu\/?page_id=264"},"modified":"2022-10-16T12:02:00","modified_gmt":"2022-10-16T12:02:00","slug":"wellef","status":"publish","type":"page","link":"https:\/\/stengefort.lgs.lu\/?page_id=264","title":{"rendered":"W\u00ebllef"},"content":{"rendered":"\n<figure class=\"wp-block-image size-full is-resized\"><img loading=\"lazy\" decoding=\"async\" src=\"https:\/\/stengefort.lgs.lu\/wp-content\/uploads\/2022\/10\/Bildschirmfoto-2022-10-16-um-13.57.56.png\" alt=\"\" class=\"wp-image-596\" width=\"159\" height=\"133\" srcset=\"https:\/\/stengefort.lgs.lu\/wp-content\/uploads\/2022\/10\/Bildschirmfoto-2022-10-16-um-13.57.56.png 392w, https:\/\/stengefort.lgs.lu\/wp-content\/uploads\/2022\/10\/Bildschirmfoto-2022-10-16-um-13.57.56-300x251.png 300w\" sizes=\"(max-width: 159px) 100vw, 159px\" \/><\/figure>\n\n\n\n<p>W\u00ebllef sin Jonker am Alter vun 8 bis 11 Joer<\/p>\n\n\n\n<p>Si entdecken, fuerschen, l\u00e9ieren, schl\u00e9isse Fr\u00ebndschaften,\u2026.an dat alles bei eis an de Versammlungen. Mir maachen allerhand interessant Aktivit\u00e9iten, ginn zesummen op Sortien an op 2-3 Weekender. Den H\u00e9ichpunkt vum Scoutsjoer ass de Summercamp; dat ass \u00ebmmer e super Erliefnis. Do schlofe mir 4 Nuechten hei am Land an engem flotte Chalet. Nach m\u00e9i kuerz a knackeg gesot, l\u00e9ieren d\u2018Kanner an de W\u00ebllefcher ganz elementar W\u00e4erter kennen: Solidarit\u00e9it, Verantwortung, H\u00ebllefsbereetschaft, Matgefill, Gesch\u00e9cklechkeet, a.s.w.<\/p>\n\n\n\n<p>Eis Versammlungen sin Sanstegs vun 14Auer bis 16 Auer<\/p>\n\n\n\n<p>Responsabelen Chef ass den Christian Giersch giersch@pt.lu<\/p>\n","protected":false},"excerpt":{"rendered":"<p>W\u00ebllef sin Jonker am Alter vun 8 bis 11 Joer Si entdecken, fuerschen, l\u00e9ieren, schl\u00e9isse Fr\u00ebndschaften,\u2026.an dat alles bei eis an de Versammlungen. Mir maachen allerhand interessant Aktivit\u00e9iten, ginn zesummen op Sortien an op 2-3 Weekender. Den H\u00e9ichpunkt vum Scoutsjoer ass de Summercamp; dat ass \u00ebmmer e super Erliefnis. Do schlofe mir 4 Nuechten hei [&hellip;]<\/p>\n","protected":false},"author":3,"featured_media":0,"parent":0,"menu_order":0,"comment_status":"closed","ping_status":"closed","template":"","meta":{"_et_pb_use_builder":"off","_et_pb_old_content":"","_et_gb_content_width":"","ngg_post_thumbnail":0,"footnotes":""},"class_list":["post-264","page","type-page","status-publish","hentry"],"_links":{"self":[{"href":"https:\/\/stengefort.lgs.lu\/index.php?rest_route=\/wp\/v2\/pages\/264","targetHints":{"allow":["GET"]}}],"collection":[{"href":"https:\/\/stengefort.lgs.lu\/index.php?rest_route=\/wp\/v2\/pages"}],"about":[{"href":"https:\/\/stengefort.lgs.lu\/index.php?rest_route=\/wp\/v2\/types\/page"}],"author":[{"embeddable":true,"href":"https:\/\/stengefort.lgs.lu\/index.php?rest_route=\/wp\/v2\/users\/3"}],"replies":[{"embeddable":true,"href":"https:\/\/stengefort.lgs.lu\/index.php?rest_route=%2Fwp%2Fv2%2Fcomments&post=264"}],"version-history":[{"count":3,"href":"https:\/\/stengefort.lgs.lu\/index.php?rest_route=\/wp\/v2\/pages\/264\/revisions"}],"predecessor-version":[{"id":598,"href":"https:\/\/stengefort.lgs.lu\/index.php?rest_route=\/wp\/v2\/pages\/264\/revisions\/598"}],"wp:attachment":[{"href":"https:\/\/stengefort.lgs.lu\/index.php?rest_route=%2Fwp%2Fv2%2Fmedia&parent=264"}],"curies":[{"name":"wp","href":"https:\/\/api.w.org\/{rel}","templated":true}]}}