{"id":267,"date":"2018-09-26T13:35:07","date_gmt":"2018-09-26T13:35:07","guid":{"rendered":"https:\/\/stengefort.lgs.lu\/?page_id=267"},"modified":"2022-10-16T11:51:07","modified_gmt":"2022-10-16T11:51:07","slug":"avex","status":"publish","type":"page","link":"https:\/\/stengefort.lgs.lu\/?page_id=267","title":{"rendered":"AvEx"},"content":{"rendered":"\n<figure class=\"wp-block-image size-full is-resized\"><img loading=\"lazy\" decoding=\"async\" src=\"https:\/\/stengefort.lgs.lu\/wp-content\/uploads\/2022\/10\/Bildschirmfoto-2022-10-16-um-13.50.15.png\" alt=\"\" class=\"wp-image-589\" width=\"159\" height=\"149\" srcset=\"https:\/\/stengefort.lgs.lu\/wp-content\/uploads\/2022\/10\/Bildschirmfoto-2022-10-16-um-13.50.15.png 348w, https:\/\/stengefort.lgs.lu\/wp-content\/uploads\/2022\/10\/Bildschirmfoto-2022-10-16-um-13.50.15-300x281.png 300w\" sizes=\"(max-width: 159px) 100vw, 159px\" \/><\/figure>\n\n\n\n<p>AvEx sin Jonker am Alter vun 11 bis 14 Joer<\/p>\n\n\n\n<p>An den AvEx geet et dr\u00ebms fir \u00ebmmer m\u00e9i u Selbst\u00e4nnegkeet ze gewannen a fir sech an anerer Verantwortung ze iwwerhuelen. D\u00e9i Jugendlech ginn \u00ebmmer m\u00e9i an de Choix, d\u2019Organisatioun an d\u2019Ausf\u00e9ierung vun den Aktivit\u00e9iten agebonnen, getrei dem Motto vum Baden Powell \u201cAsk the boy\/girl\u201d. Och de Prinzip vum \u201clearning by doing\u201d g\u00ebtt an den AvEx groussgeschriwwen, well een doduerch \u00ebmmer r\u00ebm nei Saache l\u00e9iert an iwwert sech erauswuesse kann. Mir prob\u00e9ieren eis Versammlunge fir d\u00e9i Jugendlech sou flott ewei m\u00e9iglech ze gestalten, an dob\u00e4i steet Spaass un \u00e9ischter Stell. Och op Weekender, Sortien an um allj\u00e4erleche Summercamp erliewe mir onvergiesslech Momenter zesummen.<\/p>\n\n\n\n<p>Den AvEx wir Versammlung zu Stengefort ass Samstegs vun 14Auer bis 16Auer<\/p>\n\n\n\n<p>Responsablenen Chef bei en AvEx ass Anouk Rauchs Anouk.rauchs@hotmail.com<\/p>\n","protected":false},"excerpt":{"rendered":"<p>AvEx sin Jonker am Alter vun 11 bis 14 Joer An den AvEx geet et dr\u00ebms fir \u00ebmmer m\u00e9i u Selbst\u00e4nnegkeet ze gewannen a fir sech an anerer Verantwortung ze iwwerhuelen. D\u00e9i Jugendlech ginn \u00ebmmer m\u00e9i an de Choix, d\u2019Organisatioun an d\u2019Ausf\u00e9ierung vun den Aktivit\u00e9iten agebonnen, getrei dem Motto vum Baden Powell \u201cAsk the boy\/girl\u201d. [&hellip;]<\/p>\n","protected":false},"author":3,"featured_media":0,"parent":0,"menu_order":0,"comment_status":"closed","ping_status":"closed","template":"","meta":{"_et_pb_use_builder":"off","_et_pb_old_content":"","_et_gb_content_width":"","ngg_post_thumbnail":0,"footnotes":""},"class_list":["post-267","page","type-page","status-publish","hentry"],"_links":{"self":[{"href":"https:\/\/stengefort.lgs.lu\/index.php?rest_route=\/wp\/v2\/pages\/267","targetHints":{"allow":["GET"]}}],"collection":[{"href":"https:\/\/stengefort.lgs.lu\/index.php?rest_route=\/wp\/v2\/pages"}],"about":[{"href":"https:\/\/stengefort.lgs.lu\/index.php?rest_route=\/wp\/v2\/types\/page"}],"author":[{"embeddable":true,"href":"https:\/\/stengefort.lgs.lu\/index.php?rest_route=\/wp\/v2\/users\/3"}],"replies":[{"embeddable":true,"href":"https:\/\/stengefort.lgs.lu\/index.php?rest_route=%2Fwp%2Fv2%2Fcomments&post=267"}],"version-history":[{"count":5,"href":"https:\/\/stengefort.lgs.lu\/index.php?rest_route=\/wp\/v2\/pages\/267\/revisions"}],"predecessor-version":[{"id":590,"href":"https:\/\/stengefort.lgs.lu\/index.php?rest_route=\/wp\/v2\/pages\/267\/revisions\/590"}],"wp:attachment":[{"href":"https:\/\/stengefort.lgs.lu\/index.php?rest_route=%2Fwp%2Fv2%2Fmedia&parent=267"}],"curies":[{"name":"wp","href":"https:\/\/api.w.org\/{rel}","templated":true}]}}