{"id":463,"date":"2018-10-07T09:38:43","date_gmt":"2018-10-07T09:38:43","guid":{"rendered":"https:\/\/stengefort.lgs.lu\/?page_id=463"},"modified":"2018-10-07T10:14:13","modified_gmt":"2018-10-07T10:14:13","slug":"463-2","status":"publish","type":"page","link":"https:\/\/stengefort.lgs.lu\/?page_id=463&lang=fr","title":{"rendered":"Home Fr"},"content":{"rendered":"<p>[et_pb_section fb_built=&#8221;1&#8243; fullwidth=&#8221;on&#8221; _builder_version=&#8221;3.15&#8243; box_shadow_style=&#8221;preset1&#8243; max_width_last_edited=&#8221;on|desktop&#8221; module_alignment=&#8221;center&#8221; custom_padding=&#8221;0px|0px|0|0px|false|false&#8221;][et_pb_fullwidth_slider disabled_on=&#8221;on|off|off&#8221; _builder_version=&#8221;3.16&#8243; header_font=&#8221;|600|||||||&#8221; header_text_color=&#8221;#000000&#8243; header_line_height=&#8221;3em&#8221; background_size=&#8221;default&#8221; background_position=&#8221;default&#8221; custom_margin=&#8221;|||&#8221; custom_padding=&#8221;|||&#8221; custom_padding_tablet=&#8221;|||&#8221; custom_padding_phone=&#8221;|||&#8221; custom_css_slide_title=&#8221;margin-top: -150px;||margin-bottom: 120px;&#8221; remove_inner_shadow=&#8221;off&#8221; hide_content_on_mobile=&#8221;off&#8221; hide_cta_on_mobile=&#8221;off&#8221; show_inner_shadow=&#8221;on&#8221; button_text_size__hover_enabled=&#8221;off&#8221; button_one_text_size__hover_enabled=&#8221;off&#8221; button_two_text_size__hover_enabled=&#8221;off&#8221; button_text_color__hover_enabled=&#8221;off&#8221; button_one_text_color__hover_enabled=&#8221;off&#8221; button_two_text_color__hover_enabled=&#8221;off&#8221; button_border_width__hover_enabled=&#8221;off&#8221; button_one_border_width__hover_enabled=&#8221;off&#8221; button_two_border_width__hover_enabled=&#8221;off&#8221; button_border_color__hover_enabled=&#8221;off&#8221; button_one_border_color__hover_enabled=&#8221;off&#8221; button_two_border_color__hover_enabled=&#8221;off&#8221; button_border_radius__hover_enabled=&#8221;off&#8221; button_one_border_radius__hover_enabled=&#8221;off&#8221; button_two_border_radius__hover_enabled=&#8221;off&#8221; button_letter_spacing__hover_enabled=&#8221;off&#8221; button_one_letter_spacing__hover_enabled=&#8221;off&#8221; button_two_letter_spacing__hover_enabled=&#8221;off&#8221; button_bg_color__hover_enabled=&#8221;off&#8221; button_one_bg_color__hover_enabled=&#8221;off&#8221; button_two_bg_color__hover_enabled=&#8221;off&#8221;][et_pb_slide heading=&#8221; Emol Scout &#8230; \u00ebmmer Scout &#8230;&#8221; use_bg_overlay=&#8221;off&#8221; use_text_overlay=&#8221;off&#8221; _builder_version=&#8221;3.16&#8243; header_font=&#8221;|600|||||||&#8221; header_text_color=&#8221;rgba(0,0,0,0.63)&#8221; header_font_size=&#8221;47px&#8221; body_font=&#8221;||||||||&#8221; background_color=&#8221;#ffffff&#8221; background_image=&#8221;https:\/\/stengefort.lgs.lu\/wp-content\/uploads\/2017\/05\/IMG_8620-e1537957896450.jpg&#8221; button_icon_placement=&#8221;right&#8221; button_on_hover=&#8221;on&#8221; text_orientation=&#8221;center&#8221; custom_padding=&#8221;||0px|&#8221; filter_brightness=&#8221;80%&#8221; child_filter_hue_rotate=&#8221;359deg&#8221; button_text_size__hover_enabled=&#8221;off&#8221; button_one_text_size__hover_enabled=&#8221;off&#8221; button_two_text_size__hover_enabled=&#8221;off&#8221; button_text_color__hover_enabled=&#8221;off&#8221; button_one_text_color__hover_enabled=&#8221;off&#8221; button_two_text_color__hover_enabled=&#8221;off&#8221; button_border_width__hover_enabled=&#8221;off&#8221; button_one_border_width__hover_enabled=&#8221;off&#8221; button_two_border_width__hover_enabled=&#8221;off&#8221; button_border_color__hover_enabled=&#8221;off&#8221; button_one_border_color__hover_enabled=&#8221;off&#8221; button_two_border_color__hover_enabled=&#8221;off&#8221; button_border_radius__hover_enabled=&#8221;off&#8221; button_one_border_radius__hover_enabled=&#8221;off&#8221; button_two_border_radius__hover_enabled=&#8221;off&#8221; button_letter_spacing__hover_enabled=&#8221;off&#8221; button_one_letter_spacing__hover_enabled=&#8221;off&#8221; button_two_letter_spacing__hover_enabled=&#8221;off&#8221; button_bg_color__hover_enabled=&#8221;off&#8221; button_one_bg_color__hover_enabled=&#8221;off&#8221; button_two_bg_color__hover_enabled=&#8221;off&#8221;][\/et_pb_slide][\/et_pb_fullwidth_slider][\/et_pb_section][et_pb_section fb_built=&#8221;1&#8243; admin_label=&#8221;section&#8221; _builder_version=&#8221;3.0.47&#8243; custom_padding=&#8221;0|0|0|0px|false|false&#8221;][et_pb_row custom_padding=&#8221;66px|0px|0|0px|false|false&#8221; _builder_version=&#8221;3.16&#8243;][et_pb_column type=&#8221;4_4&#8243; _builder_version=&#8221;3.0.47&#8243; parallax=&#8221;off&#8221; parallax_method=&#8221;on&#8221;][et_pb_text _builder_version=&#8221;3.16&#8243;]<\/p>\n<h1>LGS Steinfort &#8211;\u00a0 St. Hubert \/ Ste. Bernadette<\/h1>\n<p><span style=\"font-size: large;\">Bienvenue sur notre site.<\/span><\/p>\n<p>[\/et_pb_text][et_pb_divider _builder_version=&#8221;3.16&#8243;][\/et_pb_divider][\/et_pb_column][\/et_pb_row][et_pb_row custom_padding=&#8221;17px|0px|0|0px|false|false&#8221; admin_label=&#8221;row&#8221; _builder_version=&#8221;3.16&#8243; background_size=&#8221;initial&#8221; background_position=&#8221;top_left&#8221; background_repeat=&#8221;repeat&#8221;][et_pb_column type=&#8221;4_4&#8243; _builder_version=&#8221;3.0.47&#8243; parallax=&#8221;off&#8221; parallax_method=&#8221;on&#8221;][et_pb_text _builder_version=&#8221;3.16&#8243; background_size=&#8221;initial&#8221; background_position=&#8221;top_left&#8221; background_repeat=&#8221;repeat&#8221; use_border_color=&#8221;off&#8221; border_color=&#8221;#ffffff&#8221; border_style=&#8221;solid&#8221;]<\/p>\n<div id=\"container\">\n<div id=\"content\">\n<div id=\"inner-content\" class=\"wrap clearfix\">\n<div id=\"main\" class=\"clearfix has-sidebar\">\n<article id=\"post-6\" class=\"clearfix post-6 page type-page status-publish has-post-thumbnail hentry\">\n<h2 class=\"entry-content clearfix\" style=\"text-align: left;\">D&#8217;L\u00ebtzebuerger Guiden a Scouten allgemeng<\/h2>\n<section class=\"entry-content clearfix\">D\u2019L\u00ebtzebuerger Guiden a Scouten sinn de gr\u00e9issten edukative Jugendmouvement zu L\u00ebtzebuerg. Eis Missioun ass et, d\u00e9i Jonk dorop virzebereeden, sp\u00e9iderhi Responsabilit\u00e9it fir sech a fir aneren z\u2019iwwerhuelen. An deem S\u00ebnn bidden eis motiv\u00e9iert Fr\u00e4iw\u00eblleg de Jonken en oppene Kader, wou jiddereen aktiv matmaachen a matbest\u00ebmmen dierf.<\/section>\n<section class=\"entry-content clearfix\">\n<blockquote>\n<h3>Fir mech, fir dech, fir eis, fir jiddereen<\/h3>\n<\/blockquote>\n<p>Zesummen a Gruppe kann all Eenzelne flott Erfahrunge maachen, Fr\u00ebndschafte schl\u00e9issen, sozial F\u00e4egkeete l\u00e9ieren an sech pers\u00e9inlech weider entw\u00e9ckelen. Bei den LGS l\u00e9ieren d\u00e9i Jonk d\u2019Natur ze respekt\u00e9ieren, iwwer sech selwer an hiert \u00cbmfeld nozedenke fir sech sp\u00e9ider aktiv, och fir aneren, anzesetzen.<\/p>\n<\/section>\n<\/article>\n<\/div>\n<\/div>\n<\/div>\n<\/div>\n<p>[\/et_pb_text][et_pb_divider _builder_version=&#8221;3.16&#8243;][\/et_pb_divider][\/et_pb_column][\/et_pb_row][et_pb_row _builder_version=&#8221;3.16&#8243;][et_pb_column type=&#8221;1_3&#8243; _builder_version=&#8221;3.0.47&#8243; parallax=&#8221;off&#8221; parallax_method=&#8221;on&#8221;][et_pb_image src=&#8221;https:\/\/stengefort.lgs.lu\/wp-content\/uploads\/2018\/10\/Veill\u00e9e.jpg&#8221; _builder_version=&#8221;3.16&#8243;][\/et_pb_image][\/et_pb_column][et_pb_column type=&#8221;1_3&#8243; _builder_version=&#8221;3.0.47&#8243; parallax=&#8221;off&#8221; parallax_method=&#8221;on&#8221;][et_pb_image src=&#8221;https:\/\/stengefort.lgs.lu\/wp-content\/uploads\/2018\/10\/paccalu.jpg&#8221; disabled_on=&#8221;on|off|off&#8221; _builder_version=&#8221;3.16.1&#8243; max_width=&#8221;89%&#8221; module_alignment=&#8221;center&#8221;][\/et_pb_image][\/et_pb_column][et_pb_column type=&#8221;1_3&#8243; _builder_version=&#8221;3.0.47&#8243; parallax=&#8221;off&#8221; parallax_method=&#8221;on&#8221;][et_pb_image src=&#8221;https:\/\/stengefort.lgs.lu\/wp-content\/uploads\/2018\/10\/guitar.jpg&#8221; disabled_on=&#8221;on|on|off&#8221; _builder_version=&#8221;3.16.1&#8243;][\/et_pb_image][\/et_pb_column][\/et_pb_row][et_pb_row _builder_version=&#8221;3.16&#8243;][et_pb_column type=&#8221;4_4&#8243; _builder_version=&#8221;3.0.47&#8243; parallax=&#8221;off&#8221; parallax_method=&#8221;on&#8221;][et_pb_text _builder_version=&#8221;3.16&#8243; custom_margin=&#8221;-10px||&#8221;]<\/p>\n<h2 style=\"text-align: left;\">LGS Stengefort &#8211; eise Grupp<\/h2>\n<p>Mir sinn\u00a0den LGS Scoutsgrupp aus der Gemeng Stengefort an \u00cbmg\u00e9igend. Zesummen treffe mir eis all Woch bei eisem Chalet fir zesummen Aktivit\u00e9iten ze \u00ebnnerhuelen.\u00a0 Des Aktivit\u00e9iten si jeeweils un\u00a0den Alter vun eise Memberen ugepasst a sollen\u00a0souwuel Spaass\u00a0maache w\u00e9i W\u00e4erter\u00a0vun de Scouten a W\u00ebsse verm\u00ebttelen. Doriwwer\u00a0eraus treffe mir eis zweemol am Joer, eemol am Summer, eemol am Wanter fir Campen an organis\u00e9ieren\u00a0Fester an Aktivit\u00e9iten an a ronder\u00ebm\u00a0Stengefort. Sou zum Beispill e Buergbrennen an eng Scoutskiermes.<\/p>\n<h3>Eis Branchen<\/h3>\n<p>Eis Memberen ginn\u00a0dem Alter no a Gruppen, sougenannte Branchen opgedeelt. D&#8217;Branchen si meeschten vunenee getrennt, sinn\u00a0awer\u00a0 net 100% vuneneen isol\u00e9iert an \u00ebnnerhuelen\u00a0och mol Aktivit\u00e9iten zesummen. Sief et Ausflich, Campen oder Versammlungen.<\/p>\n<p>Aktuell hu mir bei den LGS Stengefort 4 aktiv Branchen:<\/p>\n<ul>\n<li>D <a href=\"https:\/\/stengefort.lgs.lu\/?page_id=264\">W\u00ebllef<\/a> vun 6 bis 11 Joer<\/li>\n<li>D&#8217;<a href=\"https:\/\/stengefort.lgs.lu\/?page_id=267\">Avex<\/a> vun 11-14 Joer<\/li>\n<li>D&#8217;<a href=\"https:\/\/stengefort.lgs.lu\/?page_id=272\">CaraPio<\/a> vun 14-17 Joer<\/li>\n<li>D&#8217;<a href=\"https:\/\/stengefort.lgs.lu\/?page_id=270\">RaRo<\/a> vu 17-23 Joer<\/li>\n<\/ul>\n<p>[\/et_pb_text][\/et_pb_column][\/et_pb_row][et_pb_row custom_padding=&#8221;0|0px|27px|0px|false|false&#8221; padding_right_1=&#8221;0px&#8221; padding_right_2=&#8221;0px&#8221; padding_left_1=&#8221;0px&#8221; _builder_version=&#8221;3.16.1&#8243;][et_pb_column type=&#8221;4_4&#8243; _builder_version=&#8221;3.0.47&#8243; padding_left=&#8221;0px&#8221; padding_right=&#8221;0px&#8221; parallax=&#8221;off&#8221; parallax_method=&#8221;on&#8221;][et_pb_cta title=&#8221;Interess\u00e9iert?&#8221; button_url=&#8221;https:\/\/stengefort.lgs.lu\/?page_id=126&#8243; button_text=&#8221;Kontakt\u00e9ier eis&#8221; _builder_version=&#8221;3.16.1&#8243; button_rel=&#8221;off|off|off|off|off&#8221; module_alignment=&#8221;center&#8221;]Mir free\u00ebn\u00a0eis iwwer all neie Member a be\u00e4ntwerte g\u00e4ren\u00a0weider Froen.<\/p>\n<p><img loading=\"lazy\" decoding=\"async\" class=\"wp-image-416 alignnone size-medium\" src=\"https:\/\/stengefort.lgs.lu\/wp-content\/uploads\/2018\/10\/we_want_you-253x300.jpg\" alt=\"\" width=\"253\" height=\"300\" srcset=\"https:\/\/stengefort.lgs.lu\/wp-content\/uploads\/2018\/10\/we_want_you-253x300.jpg 253w, https:\/\/stengefort.lgs.lu\/wp-content\/uploads\/2018\/10\/we_want_you.jpg 684w\" sizes=\"(max-width: 253px) 100vw, 253px\" \/> [\/et_pb_cta][\/et_pb_column][\/et_pb_row][\/et_pb_section]<\/p>\n","protected":false},"excerpt":{"rendered":"<p>LGS Steinfort &#8211;\u00a0 St. Hubert \/ Ste. Bernadette Bienvenue sur notre site. D&#8217;L\u00ebtzebuerger Guiden a Scouten allgemeng D\u2019L\u00ebtzebuerger Guiden a Scouten sinn de gr\u00e9issten edukative Jugendmouvement zu L\u00ebtzebuerg. Eis Missioun ass et, d\u00e9i Jonk dorop virzebereeden, sp\u00e9iderhi Responsabilit\u00e9it fir sech a fir aneren z\u2019iwwerhuelen. An deem S\u00ebnn bidden eis motiv\u00e9iert Fr\u00e4iw\u00eblleg de Jonken en oppene [&hellip;]<\/p>\n","protected":false},"author":3,"featured_media":0,"parent":0,"menu_order":0,"comment_status":"closed","ping_status":"closed","template":"","meta":{"_et_pb_use_builder":"on","_et_pb_old_content":"","_et_gb_content_width":"","ngg_post_thumbnail":0,"footnotes":""},"class_list":["post-463","page","type-page","status-publish","hentry"],"_links":{"self":[{"href":"https:\/\/stengefort.lgs.lu\/index.php?rest_route=\/wp\/v2\/pages\/463","targetHints":{"allow":["GET"]}}],"collection":[{"href":"https:\/\/stengefort.lgs.lu\/index.php?rest_route=\/wp\/v2\/pages"}],"about":[{"href":"https:\/\/stengefort.lgs.lu\/index.php?rest_route=\/wp\/v2\/types\/page"}],"author":[{"embeddable":true,"href":"https:\/\/stengefort.lgs.lu\/index.php?rest_route=\/wp\/v2\/users\/3"}],"replies":[{"embeddable":true,"href":"https:\/\/stengefort.lgs.lu\/index.php?rest_route=%2Fwp%2Fv2%2Fcomments&post=463"}],"version-history":[{"count":6,"href":"https:\/\/stengefort.lgs.lu\/index.php?rest_route=\/wp\/v2\/pages\/463\/revisions"}],"predecessor-version":[{"id":510,"href":"https:\/\/stengefort.lgs.lu\/index.php?rest_route=\/wp\/v2\/pages\/463\/revisions\/510"}],"wp:attachment":[{"href":"https:\/\/stengefort.lgs.lu\/index.php?rest_route=%2Fwp%2Fv2%2Fmedia&parent=463"}],"curies":[{"name":"wp","href":"https:\/\/api.w.org\/{rel}","templated":true}]}}