{"id":498,"date":"2018-10-07T10:01:56","date_gmt":"2018-10-07T10:01:56","guid":{"rendered":"https:\/\/stengefort.lgs.lu\/?page_id=498"},"modified":"2018-10-07T10:01:56","modified_gmt":"2018-10-07T10:01:56","slug":"under-construction-fr","status":"publish","type":"page","link":"https:\/\/stengefort.lgs.lu\/?page_id=498&lang=fr","title":{"rendered":"Under Construction Fr"},"content":{"rendered":"<p>[et_pb_section bb_built=&#8221;1&#8243; _builder_version=&#8221;3.0.47&#8243;][et_pb_row _builder_version=&#8221;3.15&#8243;][et_pb_column type=&#8221;4_4&#8243;][et_pb_blurb use_icon=&#8221;on&#8221; title=&#8221;404 Des S\u00e4it g\u00ebtt et nach net :)&#8221; _builder_version=&#8221;3.15&#8243; font_icon=&#8221;%%173%%&#8221;]<\/p>\n<p>Eis Webs\u00e4it ass leider nach net komplett f\u00e4erdeg. Aus d\u00ebsem Grond si verschidde Beraicher nach net erreechbar.<\/p>\n<p>[\/et_pb_blurb][\/et_pb_column][\/et_pb_row][\/et_pb_section]<\/p>\n","protected":false},"excerpt":{"rendered":"<p>Eis Webs\u00e4it ass leider nach net komplett f\u00e4erdeg. Aus d\u00ebsem Grond si verschidde Beraicher nach net erreechbar.<\/p>\n","protected":false},"author":3,"featured_media":0,"parent":0,"menu_order":0,"comment_status":"closed","ping_status":"closed","template":"","meta":{"_et_pb_use_builder":"on","_et_pb_old_content":"","_et_gb_content_width":"","ngg_post_thumbnail":0,"footnotes":""},"class_list":["post-498","page","type-page","status-publish","hentry"],"_links":{"self":[{"href":"https:\/\/stengefort.lgs.lu\/index.php?rest_route=\/wp\/v2\/pages\/498","targetHints":{"allow":["GET"]}}],"collection":[{"href":"https:\/\/stengefort.lgs.lu\/index.php?rest_route=\/wp\/v2\/pages"}],"about":[{"href":"https:\/\/stengefort.lgs.lu\/index.php?rest_route=\/wp\/v2\/types\/page"}],"author":[{"embeddable":true,"href":"https:\/\/stengefort.lgs.lu\/index.php?rest_route=\/wp\/v2\/users\/3"}],"replies":[{"embeddable":true,"href":"https:\/\/stengefort.lgs.lu\/index.php?rest_route=%2Fwp%2Fv2%2Fcomments&post=498"}],"version-history":[{"count":1,"href":"https:\/\/stengefort.lgs.lu\/index.php?rest_route=\/wp\/v2\/pages\/498\/revisions"}],"predecessor-version":[{"id":499,"href":"https:\/\/stengefort.lgs.lu\/index.php?rest_route=\/wp\/v2\/pages\/498\/revisions\/499"}],"wp:attachment":[{"href":"https:\/\/stengefort.lgs.lu\/index.php?rest_route=%2Fwp%2Fv2%2Fmedia&parent=498"}],"curies":[{"name":"wp","href":"https:\/\/api.w.org\/{rel}","templated":true}]}}